{"id":405,"date":"2020-09-24T13:23:29","date_gmt":"2020-09-24T13:23:29","guid":{"rendered":"https:\/\/bslthemes.com\/quarty-demo\/?page_id=66"},"modified":"2024-11-18T13:39:16","modified_gmt":"2024-11-18T12:39:16","slug":"about-us-classic","status":"publish","type":"page","link":"https:\/\/www.alsamasa.com\/alsamasa\/about-us-classic\/","title":{"rendered":"Sobre nosotros"},"content":{"rendered":"\t\t<div data-elementor-type=\"wp-page\" data-elementor-id=\"405\" class=\"elementor elementor-405\">\n\t\t\t\t\t\t<section class=\"elementor-section elementor-top-section elementor-element elementor-element-b13de92 elementor-section-full_width elementor-section-height-default elementor-section-height-default\" data-id=\"b13de92\" data-element_type=\"section\" data-e-type=\"section\">\n\t\t\t\t\t\t<div class=\"elementor-container elementor-column-gap-no\">\n\t\t\t\t\t<div class=\"elementor-column elementor-col-100 elementor-top-column elementor-element elementor-element-2a40d7b\" data-id=\"2a40d7b\" data-element_type=\"column\" data-e-type=\"column\">\n\t\t\t<div class=\"elementor-widget-wrap elementor-element-populated\">\n\t\t\t\t\t\t<div class=\"elementor-element elementor-element-0bf795e elementor-widget elementor-widget-quarty-banner\" data-id=\"0bf795e\" data-element_type=\"widget\" data-e-type=\"widget\" data-widget_type=\"quarty-banner.default\">\n\t\t\t\t<div class=\"elementor-widget-container\">\n\t\t\t\t\t\n\t\t<div class=\"row qrt-p-0-40\">\n          <div class=\"col-lg-12\">\n            <div class=\"qrt-page-cover\">\n                            <img decoding=\"async\" src=\"https:\/\/www.alsamasa.com\/alsamasa\/wp-content\/uploads\/2022\/09\/Banner.webp\" alt=\"\" \/>\n                                          <div class=\"qrt-hint-frame\">\n                <div class=\"qrt-scroll-hint\">\n                  <span><\/span>\n                <\/div>\n              <\/div>\n          \t                            <\/div>\n          <\/div>\n        <\/div>\n\n\t\t\t\t\t\t<\/div>\n\t\t\t\t<\/div>\n\t\t\t\t\t<\/div>\n\t\t<\/div>\n\t\t\t\t\t<\/div>\n\t\t<\/section>\n\t\t\t\t<section class=\"elementor-section elementor-top-section elementor-element elementor-element-0e7e68f elementor-section-boxed elementor-section-height-default elementor-section-height-default\" data-id=\"0e7e68f\" data-element_type=\"section\" data-e-type=\"section\">\n\t\t\t\t\t\t<div class=\"elementor-container elementor-column-gap-default\">\n\t\t\t\t\t<div class=\"elementor-column elementor-col-50 elementor-top-column elementor-element elementor-element-7482fff\" data-id=\"7482fff\" data-element_type=\"column\" data-e-type=\"column\">\n\t\t\t<div class=\"elementor-widget-wrap elementor-element-populated\">\n\t\t\t\t\t\t<div class=\"elementor-element elementor-element-bdcfabd elementor-widget elementor-widget-image\" data-id=\"bdcfabd\" data-element_type=\"widget\" data-e-type=\"widget\" data-widget_type=\"image.default\">\n\t\t\t\t<div class=\"elementor-widget-container\">\n\t\t\t\t\t\t\t\t\t\t\t\t\t\t\t<img decoding=\"async\" src=\"https:\/\/www.alsamasa.com\/alsamasa\/wp-content\/uploads\/elementor\/thumbs\/Imagen1-qx8mkp9hrv27x53c0oks01a0k8wikbgudjb4czgrak.png\" title=\"Imagen1\" alt=\"Imagen1\" loading=\"lazy\" \/>\t\t\t\t\t\t\t\t\t\t\t\t\t\t\t<\/div>\n\t\t\t\t<\/div>\n\t\t\t\t\t<\/div>\n\t\t<\/div>\n\t\t\t\t<div class=\"elementor-column elementor-col-50 elementor-top-column elementor-element elementor-element-342a4c0\" data-id=\"342a4c0\" data-element_type=\"column\" data-e-type=\"column\">\n\t\t\t<div class=\"elementor-widget-wrap elementor-element-populated\">\n\t\t\t\t\t\t<div class=\"elementor-element elementor-element-355cc7d elementor-widget elementor-widget-text-editor\" data-id=\"355cc7d\" data-element_type=\"widget\" data-e-type=\"widget\" data-widget_type=\"text-editor.default\">\n\t\t\t\t<div class=\"elementor-widget-container\">\n\t\t\t\t\t\t\t\t\t<p style=\"text-align: left;\"><strong>Alsamasa<\/strong> nace en 2005 de la fusi\u00f3n de dos empresas especializadas en construcci\u00f3n e instalaciones.<\/p><p style=\"text-align: left;\">Actualmente somos una empresa l\u00edder en el sector de la <strong>construcci\u00f3n<\/strong>, <strong>instalaciones<\/strong> y <strong>mantenimiento<\/strong>.<\/p><p style=\"text-align: left;\">Destacando por ofrecer una gama completa de servicios, desde trabajos espec\u00edficos hasta soluciones integrales de obras de gran envergadura.<\/p><p style=\"text-align: left;\"><strong>Servicio<\/strong>, <strong>eficiencia<\/strong> y <strong>calidad<\/strong> han sido nuestra se\u00f1a de identidad en los proyectos ejecutados.<\/p><p style=\"text-align: left;\">Contamos con un <strong>equipo propio<\/strong> altamente capacitado y con un enfoque decididamente orientado al cliente y a dar servicio.<\/p>\t\t\t\t\t\t\t\t<\/div>\n\t\t\t\t<\/div>\n\t\t\t\t\t<\/div>\n\t\t<\/div>\n\t\t\t\t\t<\/div>\n\t\t<\/section>\n\t\t\t\t<section class=\"elementor-section elementor-top-section elementor-element elementor-element-52f47f7 elementor-section-full_width elementor-section-height-default elementor-section-height-default\" data-id=\"52f47f7\" data-element_type=\"section\" data-e-type=\"section\">\n\t\t\t\t\t\t<div class=\"elementor-container elementor-column-gap-no\">\n\t\t\t\t\t<div class=\"elementor-column elementor-col-100 elementor-top-column elementor-element elementor-element-81dec59\" data-id=\"81dec59\" data-element_type=\"column\" data-e-type=\"column\">\n\t\t\t<div class=\"elementor-widget-wrap elementor-element-populated\">\n\t\t\t\t\t\t<div class=\"elementor-element elementor-element-0f97d3b elementor-widget elementor-widget-quarty-services\" data-id=\"0f97d3b\" data-element_type=\"widget\" data-e-type=\"widget\" data-widget_type=\"quarty-services.default\">\n\t\t\t\t<div class=\"elementor-widget-container\">\n\t\t\t\t\t\n\t\t<div class=\"qrt-section qrt-section-sf\">\n\t\t\t<div class=\"row\">\n\t\t\t                <div class=\"col-lg-12\">\n                <h3 class=\"qrt-mb-40 qrt-title-h\">\n                \t<span >\n\t\t          \t\tNuestros servicios\t\t         \t<\/span>\n                <\/h3>\n              <\/div>\n              \n                                          <div class=\"col-lg-4 qrt-service-item\">\n                <div class=\"qrt-icon-box\">\n                                    <img decoding=\"async\" class=\"mb-20\" src=\"https:\/\/www.alsamasa.com\/alsamasa\/wp-content\/uploads\/2022\/09\/Construccion-256x256.webp\" alt=\"Construcci\u00f3n\">\n                  \n                                    <h4 class=\"mb-20 qrt-service-title\">\n                  \t<span >\n\t\t        \t\tConstrucci\u00f3n\t\t        \t<\/span>\n                  <\/h4>\n                  \n                                  <\/div>\n              <\/div>\n                            <div class=\"col-lg-4 qrt-service-item\">\n                <div class=\"qrt-icon-box\">\n                                    <img decoding=\"async\" class=\"mb-20\" src=\"https:\/\/www.alsamasa.com\/alsamasa\/wp-content\/uploads\/2022\/09\/Instalaciones-256x256.webp\" alt=\"Instalaciones\">\n                  \n                                    <h4 class=\"mb-20 qrt-service-title\">\n                  \t<span >\n\t\t        \t\tInstalaciones\t\t        \t<\/span>\n                  <\/h4>\n                  \n                                  <\/div>\n              <\/div>\n                            <div class=\"col-lg-4 qrt-service-item\">\n                <div class=\"qrt-icon-box\">\n                                    <img decoding=\"async\" class=\"mb-20\" src=\"https:\/\/www.alsamasa.com\/alsamasa\/wp-content\/uploads\/2022\/09\/Mantenimiento2-256x256.webp\" alt=\"Mantenimientos\">\n                  \n                                    <h4 class=\"mb-20 qrt-service-title\">\n                  \t<span >\n\t\t        \t\tMantenimientos\t\t        \t<\/span>\n                  <\/h4>\n                  \n                                  <\/div>\n              <\/div>\n                                        <\/div>\n        <\/div>\n\n\t\t\t\t\t\t<\/div>\n\t\t\t\t<\/div>\n\t\t\t\t\t<\/div>\n\t\t<\/div>\n\t\t\t\t\t<\/div>\n\t\t<\/section>\n\t\t\t\t<section class=\"elementor-section elementor-top-section elementor-element elementor-element-7496f8f5 elementor-section-full_width elementor-section-height-default elementor-section-height-default\" data-id=\"7496f8f5\" data-element_type=\"section\" data-e-type=\"section\">\n\t\t\t\t\t\t<div class=\"elementor-container elementor-column-gap-no\">\n\t\t\t\t\t<div class=\"elementor-column elementor-col-100 elementor-top-column elementor-element elementor-element-42b996c1\" data-id=\"42b996c1\" data-element_type=\"column\" data-e-type=\"column\">\n\t\t\t<div class=\"elementor-widget-wrap elementor-element-populated\">\n\t\t\t\t\t\t<div class=\"elementor-element elementor-element-9f2f955 elementor-widget elementor-widget-heading\" data-id=\"9f2f955\" data-element_type=\"widget\" data-e-type=\"widget\" data-widget_type=\"heading.default\">\n\t\t\t\t<div class=\"elementor-widget-container\">\n\t\t\t\t\t<h2 class=\"elementor-heading-title elementor-size-default\">Clientes que conf\u00edan en nosotros:<\/h2>\t\t\t\t<\/div>\n\t\t\t\t<\/div>\n\t\t\t\t<div class=\"elementor-element elementor-element-5c20a4a elementor-widget elementor-widget-quarty-clients\" data-id=\"5c20a4a\" data-element_type=\"widget\" data-e-type=\"widget\" data-widget_type=\"quarty-clients.default\">\n\t\t\t\t<div class=\"elementor-widget-container\">\n\t\t\t\t\t\n\t\t<div class=\"qrt-section\">\n\t\t\t\t<div class=\"row\">\n          <div class=\"col-lg-12\">\n\n            <div class=\"swiper-container qrt-brands-slider\" style=\"overflow: visible\">\n              <div class=\"swiper-wrapper\">\n                                                <div class=\"swiper-slide\">\n                  \t\t\t\t  <a  href=\"\">\n\t\t\t\t                    <img decoding=\"async\" src=\"https:\/\/www.alsamasa.com\/alsamasa\/wp-content\/uploads\/2024\/06\/SASS-256x256.png\" alt=\"SAS\">\n                  \t\t\t\t  <\/a>\n\t\t\t\t                  <\/div>\n                                                                <div class=\"swiper-slide\">\n                  \t\t\t\t  <a  href=\"\">\n\t\t\t\t                    <img decoding=\"async\" src=\"https:\/\/www.alsamasa.com\/alsamasa\/wp-content\/uploads\/2024\/06\/log-256x256.png\" alt=\"LOGICOR\">\n                  \t\t\t\t  <\/a>\n\t\t\t\t                  <\/div>\n                                                                <div class=\"swiper-slide\">\n                  \t\t\t\t  <a  href=\"\">\n\t\t\t\t                    <img decoding=\"async\" src=\"https:\/\/www.alsamasa.com\/alsamasa\/wp-content\/uploads\/2024\/06\/cbree-256x256.png\" alt=\"CBRE\">\n                  \t\t\t\t  <\/a>\n\t\t\t\t                  <\/div>\n                                                                <div class=\"swiper-slide\">\n                  \t\t\t\t  <a  href=\"\">\n\t\t\t\t                    <img decoding=\"async\" src=\"https:\/\/www.alsamasa.com\/alsamasa\/wp-content\/uploads\/2024\/06\/NN-1-256x256.png\" alt=\"NN\">\n                  \t\t\t\t  <\/a>\n\t\t\t\t                  <\/div>\n                                                                <div class=\"swiper-slide\">\n                  \t\t\t\t  <a  href=\"\">\n\t\t\t\t                    <img decoding=\"async\" src=\"https:\/\/www.alsamasa.com\/alsamasa\/wp-content\/uploads\/2024\/06\/3g-256x256.png\" alt=\"3G\">\n                  \t\t\t\t  <\/a>\n\t\t\t\t                  <\/div>\n                                                                <div class=\"swiper-slide\">\n                  \t\t\t\t  <a  href=\"\">\n\t\t\t\t                    <img decoding=\"async\" src=\"https:\/\/www.alsamasa.com\/alsamasa\/wp-content\/uploads\/2024\/06\/FCB-256x256.png\" alt=\"FCB\">\n                  \t\t\t\t  <\/a>\n\t\t\t\t                  <\/div>\n                                                                <div class=\"swiper-slide\">\n                  \t\t\t\t  <a  href=\"\">\n\t\t\t\t                    <img decoding=\"async\" src=\"https:\/\/www.alsamasa.com\/alsamasa\/wp-content\/uploads\/2024\/06\/VOLTA-1-256x256.png\" alt=\"VOLTA\">\n                  \t\t\t\t  <\/a>\n\t\t\t\t                  <\/div>\n                                                                <div class=\"swiper-slide\">\n                  \t\t\t\t  <a  href=\"\">\n\t\t\t\t                    <img decoding=\"async\" src=\"https:\/\/www.alsamasa.com\/alsamasa\/wp-content\/uploads\/2024\/06\/ACCENTURE-256x256.png\" alt=\"ACCENTURE\">\n                  \t\t\t\t  <\/a>\n\t\t\t\t                  <\/div>\n                                                                <div class=\"swiper-slide\">\n                  \t\t\t\t  <a  href=\"\">\n\t\t\t\t                    <img decoding=\"async\" src=\"https:\/\/www.alsamasa.com\/alsamasa\/wp-content\/uploads\/2024\/06\/BAUHAUS-256x256.png\" alt=\"BAUHAUS\">\n                  \t\t\t\t  <\/a>\n\t\t\t\t                  <\/div>\n                                                                <div class=\"swiper-slide\">\n                  \t\t\t\t  <a  href=\"\">\n\t\t\t\t                    <img decoding=\"async\" src=\"https:\/\/www.alsamasa.com\/alsamasa\/wp-content\/uploads\/2024\/06\/SERUN-256x256.png\" alt=\"SERUNION\">\n                  \t\t\t\t  <\/a>\n\t\t\t\t                  <\/div>\n                                                                <div class=\"swiper-slide\">\n                  \t\t\t\t  <a  href=\"\">\n\t\t\t\t                    <img decoding=\"async\" src=\"https:\/\/www.alsamasa.com\/alsamasa\/wp-content\/uploads\/2024\/06\/BIGG-256x256.png\" alt=\"BIGG\">\n                  \t\t\t\t  <\/a>\n\t\t\t\t                  <\/div>\n                                                                <div class=\"swiper-slide\">\n                  \t\t\t\t  <a  href=\"\">\n\t\t\t\t                    <img decoding=\"async\" src=\"https:\/\/www.alsamasa.com\/alsamasa\/wp-content\/uploads\/2024\/06\/COLLIERSS-256x256.png\" alt=\"COLLIERS\">\n                  \t\t\t\t  <\/a>\n\t\t\t\t                  <\/div>\n                                                                <div class=\"swiper-slide\">\n                  \t\t\t\t  <a  href=\"\">\n\t\t\t\t                    <img decoding=\"async\" src=\"https:\/\/www.alsamasa.com\/alsamasa\/wp-content\/uploads\/2024\/06\/focus-256x256.png\" alt=\"FOCUS\">\n                  \t\t\t\t  <\/a>\n\t\t\t\t                  <\/div>\n                                                                <div class=\"swiper-slide\">\n                  \t\t\t\t  <a  href=\"\">\n\t\t\t\t                    <img decoding=\"async\" src=\"https:\/\/www.alsamasa.com\/alsamasa\/wp-content\/uploads\/2024\/06\/LAPOMADA-256x256.png\" alt=\"POMADA\">\n                  \t\t\t\t  <\/a>\n\t\t\t\t                  <\/div>\n                                                                <div class=\"swiper-slide\">\n                  \t\t\t\t  <a  href=\"\">\n\t\t\t\t                    <img decoding=\"async\" src=\"https:\/\/www.alsamasa.com\/alsamasa\/wp-content\/uploads\/2024\/06\/PIMRE-256x256.png\" alt=\"PIMRE\">\n                  \t\t\t\t  <\/a>\n\t\t\t\t                  <\/div>\n                                                                <div class=\"swiper-slide\">\n                  \t\t\t\t  <a  href=\"\">\n\t\t\t\t                    <img decoding=\"async\" src=\"https:\/\/www.alsamasa.com\/alsamasa\/wp-content\/uploads\/2024\/06\/PS2-256x256.png\" alt=\"P2\">\n                  \t\t\t\t  <\/a>\n\t\t\t\t                  <\/div>\n                                                                <div class=\"swiper-slide\">\n                  \t\t\t\t  <a  href=\"\">\n\t\t\t\t                    <img decoding=\"async\" src=\"https:\/\/www.alsamasa.com\/alsamasa\/wp-content\/uploads\/2024\/06\/TETRIS-256x256.png\" alt=\"TETRIS\">\n                  \t\t\t\t  <\/a>\n\t\t\t\t                  <\/div>\n                                                                <div class=\"swiper-slide\">\n                  \t\t\t\t  <a  href=\"\">\n\t\t\t\t                    <img decoding=\"async\" src=\"https:\/\/www.alsamasa.com\/alsamasa\/wp-content\/uploads\/2024\/06\/PLUGG-256x256.png\" alt=\"PLUG\">\n                  \t\t\t\t  <\/a>\n\t\t\t\t                  <\/div>\n                                                                <div class=\"swiper-slide\">\n                  \t\t\t\t  <a  href=\"\">\n\t\t\t\t                    <img decoding=\"async\" src=\"https:\/\/www.alsamasa.com\/alsamasa\/wp-content\/uploads\/2024\/06\/MERLIN-256x256.png\" alt=\"MERLIN\">\n                  \t\t\t\t  <\/a>\n\t\t\t\t                  <\/div>\n                                              <\/div>\n            <\/div>\n\n          <\/div>\n        <\/div>\n            \t<\/div>\n\n\t\t\t\t\t\t<\/div>\n\t\t\t\t<\/div>\n\t\t\t\t\t<\/div>\n\t\t<\/div>\n\t\t\t\t\t<\/div>\n\t\t<\/section>\n\t\t\t\t<\/div>\n\t\t","protected":false},"excerpt":{"rendered":"<p>Alsamasa nace en 2005 de la fusi\u00f3n de dos empresas especializadas en construcci\u00f3n e instalaciones. Actualmente somos una empresa l\u00edder&#8230; <span class=\"qrt-el-more\"><a href=\"https:\/\/www.alsamasa.com\/alsamasa\/about-us-classic\/\" class=\"qrt-link qrt-color-link qrt-cursor-scale qrt-w-chevron\">Read more<\/a><\/span><\/p>\n","protected":false},"author":1,"featured_media":0,"parent":0,"menu_order":0,"comment_status":"closed","ping_status":"closed","template":"","meta":{"_acf_changed":false,"_monsterinsights_skip_tracking":false,"_monsterinsights_sitenote_active":false,"_monsterinsights_sitenote_note":"","_monsterinsights_sitenote_category":0,"footnotes":""},"class_list":["post-405","page","type-page","status-publish","hentry"],"acf":[],"_links":{"self":[{"href":"https:\/\/www.alsamasa.com\/alsamasa\/wp-json\/wp\/v2\/pages\/405","targetHints":{"allow":["GET"]}}],"collection":[{"href":"https:\/\/www.alsamasa.com\/alsamasa\/wp-json\/wp\/v2\/pages"}],"about":[{"href":"https:\/\/www.alsamasa.com\/alsamasa\/wp-json\/wp\/v2\/types\/page"}],"author":[{"embeddable":true,"href":"https:\/\/www.alsamasa.com\/alsamasa\/wp-json\/wp\/v2\/users\/1"}],"replies":[{"embeddable":true,"href":"https:\/\/www.alsamasa.com\/alsamasa\/wp-json\/wp\/v2\/comments?post=405"}],"version-history":[{"count":111,"href":"https:\/\/www.alsamasa.com\/alsamasa\/wp-json\/wp\/v2\/pages\/405\/revisions"}],"predecessor-version":[{"id":6754,"href":"https:\/\/www.alsamasa.com\/alsamasa\/wp-json\/wp\/v2\/pages\/405\/revisions\/6754"}],"wp:attachment":[{"href":"https:\/\/www.alsamasa.com\/alsamasa\/wp-json\/wp\/v2\/media?parent=405"}],"curies":[{"name":"wp","href":"https:\/\/api.w.org\/{rel}","templated":true}]}}