{"id":4424,"date":"2022-12-08T08:56:20","date_gmt":"2022-12-08T07:56:20","guid":{"rendered":"https:\/\/www.alsamasa.com\/alsamasa\/?page_id=4424"},"modified":"2024-07-16T17:52:56","modified_gmt":"2024-07-16T16:52:56","slug":"sanitarios","status":"publish","type":"page","link":"https:\/\/www.alsamasa.com\/alsamasa\/sanitarios\/","title":{"rendered":"Sanitarios"},"content":{"rendered":"\t\t<div data-elementor-type=\"wp-page\" data-elementor-id=\"4424\" class=\"elementor elementor-4424\">\n\t\t\t\t\t\t<section class=\"elementor-section elementor-top-section elementor-element elementor-element-0f30a4a elementor-section-boxed elementor-section-height-default elementor-section-height-default\" data-id=\"0f30a4a\" data-element_type=\"section\" data-e-type=\"section\">\n\t\t\t\t\t\t<div class=\"elementor-container elementor-column-gap-default\">\n\t\t\t\t\t<div class=\"elementor-column elementor-col-100 elementor-top-column elementor-element elementor-element-e67d650\" data-id=\"e67d650\" data-element_type=\"column\" data-e-type=\"column\">\n\t\t\t<div class=\"elementor-widget-wrap elementor-element-populated\">\n\t\t\t\t\t\t<div class=\"elementor-element elementor-element-adaeb17 elementor-widget elementor-widget-quarty-portfolio\" data-id=\"adaeb17\" data-element_type=\"widget\" data-e-type=\"widget\" data-widget_type=\"quarty-portfolio.default\">\n\t\t\t\t<div class=\"elementor-widget-container\">\n\t\t\t\t\t\n\t\t<div class=\"qrt-section qrt-section-sf\">\n\t\t\t\n\t\t\t\n                        <div class=\"qrt-masonry-grid qrt-mb-40 qrt-grid-2-col qrt-gallery\">\n\n              <div class=\"qrt-grid-sizer\"><\/div>\n\n                           \t\n\n<div class=\"qrt-masonry-grid-item qrt-masonry-grid-item-50 category-sanitario \">\n  <div class=\"qrt-work-item\">\n        <a  data-magnific-gallery data-no-swup data-elementor-lightbox-slideshow=\"gallery\" data-elementor-lightbox-title=\"HOSPITAL CL\u00cdNICO M\u00c1LAGA\" href=\"https:\/\/www.alsamasa.com\/alsamasa\/wp-content\/uploads\/2022\/02\/WhatsApp-Image-2021-01-07-at-11.09.39-1.jpeg\" class=\"qrt-cursor-scale qrt-work-cover-frame\">\n      <img decoding=\"async\" src=\"https:\/\/www.alsamasa.com\/alsamasa\/wp-content\/uploads\/2022\/02\/WhatsApp-Image-2021-01-07-at-11.09.39-1.jpeg\" alt=\"HOSPITAL CL\u00cdNICO M\u00c1LAGA\">\n      <div class=\"qrt-item-zoom qrt-cursor-color\"><i class=\"fas fa-expand\"><\/i><\/div>\n      <div class=\"qrt-work-category\"><span>Sanitario <\/span><\/div>\n    <\/a>\n        <div class=\"qrt-work-descr\">\n            <h4 class=\"qrt-cursor-color qrt-white\">\n        <a href=\"https:\/\/www.alsamasa.com\/alsamasa\/portfolio\/item\/hospital-clinico-malaga\/\" class=\"qrt-anima-link\">HOSPITAL CL\u00cdNICO M\u00c1LAGA<\/a>\n      <\/h4>\n            <a href=\"https:\/\/www.alsamasa.com\/alsamasa\/portfolio\/item\/hospital-clinico-malaga\/\" class=\"qrt-cursor-scale qrt-work-more qrt-anima-link\"><i class=\"fas fa-arrow-right\"><\/i><\/a>\n    <\/div>\n  <\/div>\n<\/div>          \t               \t\n\n<div class=\"qrt-masonry-grid-item qrt-masonry-grid-item-50 category-sanitario \">\n  <div class=\"qrt-work-item\">\n        <a  data-magnific-gallery data-no-swup data-elementor-lightbox-slideshow=\"gallery\" data-elementor-lightbox-title=\"CENTRO M\u00c9DICO DENTAL E\" href=\"https:\/\/www.alsamasa.com\/alsamasa\/wp-content\/uploads\/2022\/02\/20190511_192432-scaled.jpg\" class=\"qrt-cursor-scale qrt-work-cover-frame\">\n      <img decoding=\"async\" src=\"https:\/\/www.alsamasa.com\/alsamasa\/wp-content\/uploads\/2022\/02\/20190511_192432-scaled.jpg\" alt=\"CENTRO M\u00c9DICO DENTAL E\">\n      <div class=\"qrt-item-zoom qrt-cursor-color\"><i class=\"fas fa-expand\"><\/i><\/div>\n      <div class=\"qrt-work-category\"><span>Sanitario <\/span><\/div>\n    <\/a>\n        <div class=\"qrt-work-descr\">\n            <h4 class=\"qrt-cursor-color qrt-white\">\n        <a href=\"https:\/\/www.alsamasa.com\/alsamasa\/portfolio\/item\/centro-medico-dental-e\/\" class=\"qrt-anima-link\">CENTRO M\u00c9DICO DENTAL E<\/a>\n      <\/h4>\n            <a href=\"https:\/\/www.alsamasa.com\/alsamasa\/portfolio\/item\/centro-medico-dental-e\/\" class=\"qrt-cursor-scale qrt-work-more qrt-anima-link\"><i class=\"fas fa-arrow-right\"><\/i><\/a>\n    <\/div>\n  <\/div>\n<\/div>          \t               \t\n\n<div class=\"qrt-masonry-grid-item qrt-masonry-grid-item-50 category-sanitario \">\n  <div class=\"qrt-work-item\">\n        <a  data-magnific-gallery data-no-swup data-elementor-lightbox-slideshow=\"gallery\" data-elementor-lightbox-title=\"DENTIX\" href=\"https:\/\/www.alsamasa.com\/alsamasa\/wp-content\/uploads\/2022\/02\/guia33-hospitalet-de-llobregat-clinica-dental-clinica-dental-dentix-l-hospitalet-9478.jpg\" class=\"qrt-cursor-scale qrt-work-cover-frame\">\n      <img decoding=\"async\" src=\"https:\/\/www.alsamasa.com\/alsamasa\/wp-content\/uploads\/2022\/02\/guia33-hospitalet-de-llobregat-clinica-dental-clinica-dental-dentix-l-hospitalet-9478.jpg\" alt=\"DENTIX\">\n      <div class=\"qrt-item-zoom qrt-cursor-color\"><i class=\"fas fa-expand\"><\/i><\/div>\n      <div class=\"qrt-work-category\"><span>Sanitario <\/span><\/div>\n    <\/a>\n        <div class=\"qrt-work-descr\">\n            <h4 class=\"qrt-cursor-color qrt-white\">\n        <a href=\"https:\/\/www.alsamasa.com\/alsamasa\/portfolio\/item\/dentix\/\" class=\"qrt-anima-link\">DENTIX<\/a>\n      <\/h4>\n            <a href=\"https:\/\/www.alsamasa.com\/alsamasa\/portfolio\/item\/dentix\/\" class=\"qrt-cursor-scale qrt-work-more qrt-anima-link\"><i class=\"fas fa-arrow-right\"><\/i><\/a>\n    <\/div>\n  <\/div>\n<\/div>          \t               \t\n\n<div class=\"qrt-masonry-grid-item qrt-masonry-grid-item-50 category-sanitario \">\n  <div class=\"qrt-work-item\">\n        <a  data-magnific-gallery data-no-swup data-elementor-lightbox-slideshow=\"gallery\" data-elementor-lightbox-title=\"CLINICA DENTAL BAC DE RODA\" href=\"https:\/\/www.alsamasa.com\/alsamasa\/wp-content\/uploads\/2022\/09\/00.webp\" class=\"qrt-cursor-scale qrt-work-cover-frame\">\n      <img decoding=\"async\" src=\"https:\/\/www.alsamasa.com\/alsamasa\/wp-content\/uploads\/2022\/09\/00.webp\" alt=\"CLINICA DENTAL BAC DE RODA\">\n      <div class=\"qrt-item-zoom qrt-cursor-color\"><i class=\"fas fa-expand\"><\/i><\/div>\n      <div class=\"qrt-work-category\"><span>Sanitario <\/span><\/div>\n    <\/a>\n        <div class=\"qrt-work-descr\">\n            <h4 class=\"qrt-cursor-color qrt-white\">\n        <a href=\"https:\/\/www.alsamasa.com\/alsamasa\/portfolio\/item\/clinica-dental-bac-de-roda\/\" class=\"qrt-anima-link\">CLINICA DENTAL BAC DE RODA<\/a>\n      <\/h4>\n            <a href=\"https:\/\/www.alsamasa.com\/alsamasa\/portfolio\/item\/clinica-dental-bac-de-roda\/\" class=\"qrt-cursor-scale qrt-work-more qrt-anima-link\"><i class=\"fas fa-arrow-right\"><\/i><\/a>\n    <\/div>\n  <\/div>\n<\/div>          \t              <\/div>\n            \n\t\t  \t\n\t\t\t        <\/div>\n\n\t\t\t\t\t\t<\/div>\n\t\t\t\t<\/div>\n\t\t\t\t\t<\/div>\n\t\t<\/div>\n\t\t\t\t\t<\/div>\n\t\t<\/section>\n\t\t\t\t<\/div>\n\t\t","protected":false},"excerpt":{"rendered":"<p>Sanitario HOSPITAL CL\u00cdNICO M\u00c1LAGA Sanitario CENTRO M\u00c9DICO DENTAL E Sanitario DENTIX Sanitario CLINICA DENTAL BAC DE RODA<\/p>\n","protected":false},"author":1,"featured_media":0,"parent":0,"menu_order":0,"comment_status":"closed","ping_status":"closed","template":"","meta":{"_acf_changed":false,"_monsterinsights_skip_tracking":false,"_monsterinsights_sitenote_active":false,"_monsterinsights_sitenote_note":"","_monsterinsights_sitenote_category":0,"footnotes":""},"class_list":["post-4424","page","type-page","status-publish","hentry"],"acf":[],"_links":{"self":[{"href":"https:\/\/www.alsamasa.com\/alsamasa\/wp-json\/wp\/v2\/pages\/4424","targetHints":{"allow":["GET"]}}],"collection":[{"href":"https:\/\/www.alsamasa.com\/alsamasa\/wp-json\/wp\/v2\/pages"}],"about":[{"href":"https:\/\/www.alsamasa.com\/alsamasa\/wp-json\/wp\/v2\/types\/page"}],"author":[{"embeddable":true,"href":"https:\/\/www.alsamasa.com\/alsamasa\/wp-json\/wp\/v2\/users\/1"}],"replies":[{"embeddable":true,"href":"https:\/\/www.alsamasa.com\/alsamasa\/wp-json\/wp\/v2\/comments?post=4424"}],"version-history":[{"count":7,"href":"https:\/\/www.alsamasa.com\/alsamasa\/wp-json\/wp\/v2\/pages\/4424\/revisions"}],"predecessor-version":[{"id":6065,"href":"https:\/\/www.alsamasa.com\/alsamasa\/wp-json\/wp\/v2\/pages\/4424\/revisions\/6065"}],"wp:attachment":[{"href":"https:\/\/www.alsamasa.com\/alsamasa\/wp-json\/wp\/v2\/media?parent=4424"}],"curies":[{"name":"wp","href":"https:\/\/api.w.org\/{rel}","templated":true}]}}