{"id":4434,"date":"2022-12-08T08:57:41","date_gmt":"2022-12-08T07:57:41","guid":{"rendered":"https:\/\/www.alsamasa.com\/alsamasa\/?page_id=4434"},"modified":"2024-07-16T17:27:30","modified_gmt":"2024-07-16T16:27:30","slug":"restauracion","status":"publish","type":"page","link":"https:\/\/www.alsamasa.com\/alsamasa\/restauracion\/","title":{"rendered":"Restauraci\u00f3n"},"content":{"rendered":"\t\t<div data-elementor-type=\"wp-page\" data-elementor-id=\"4434\" class=\"elementor elementor-4434\">\n\t\t\t\t\t\t<section class=\"elementor-section elementor-top-section elementor-element elementor-element-78a0f0a elementor-section-boxed elementor-section-height-default elementor-section-height-default\" data-id=\"78a0f0a\" data-element_type=\"section\" data-e-type=\"section\">\n\t\t\t\t\t\t<div class=\"elementor-container elementor-column-gap-default\">\n\t\t\t\t\t<div class=\"elementor-column elementor-col-100 elementor-top-column elementor-element elementor-element-26a080c\" data-id=\"26a080c\" data-element_type=\"column\" data-e-type=\"column\">\n\t\t\t<div class=\"elementor-widget-wrap elementor-element-populated\">\n\t\t\t\t\t\t<div class=\"elementor-element elementor-element-12e2bbb elementor-widget elementor-widget-quarty-portfolio\" data-id=\"12e2bbb\" data-element_type=\"widget\" data-e-type=\"widget\" data-widget_type=\"quarty-portfolio.default\">\n\t\t\t\t<div class=\"elementor-widget-container\">\n\t\t\t\t\t\n\t\t<div class=\"qrt-section qrt-section-sf\">\n\t\t\t\n\t\t\t\n                        <div class=\"qrt-masonry-grid qrt-mb-40 qrt-grid-2-col qrt-gallery\">\n\n              <div class=\"qrt-grid-sizer\"><\/div>\n\n                           \t\n\n<div class=\"qrt-masonry-grid-item qrt-masonry-grid-item-50 category-restauracion \">\n  <div class=\"qrt-work-item\">\n        <a  data-magnific-gallery data-no-swup data-elementor-lightbox-slideshow=\"gallery\" data-elementor-lightbox-title=\"COMEDOR ROCHE\" href=\"https:\/\/www.alsamasa.com\/alsamasa\/wp-content\/uploads\/2022\/04\/DSC_0231-scaled.jpg\" class=\"qrt-cursor-scale qrt-work-cover-frame\">\n      <img decoding=\"async\" src=\"https:\/\/www.alsamasa.com\/alsamasa\/wp-content\/uploads\/2022\/04\/DSC_0231-scaled.jpg\" alt=\"COMEDOR ROCHE\">\n      <div class=\"qrt-item-zoom qrt-cursor-color\"><i class=\"fas fa-expand\"><\/i><\/div>\n      <div class=\"qrt-work-category\"><span>Restauraci\u00f3n <\/span><\/div>\n    <\/a>\n        <div class=\"qrt-work-descr\">\n            <h4 class=\"qrt-cursor-color qrt-white\">\n        <a href=\"https:\/\/www.alsamasa.com\/alsamasa\/portfolio\/item\/comedor-roche-2\/\" class=\"qrt-anima-link\">COMEDOR ROCHE<\/a>\n      <\/h4>\n            <a href=\"https:\/\/www.alsamasa.com\/alsamasa\/portfolio\/item\/comedor-roche-2\/\" class=\"qrt-cursor-scale qrt-work-more qrt-anima-link\"><i class=\"fas fa-arrow-right\"><\/i><\/a>\n    <\/div>\n  <\/div>\n<\/div>          \t               \t\n\n<div class=\"qrt-masonry-grid-item qrt-masonry-grid-item-50 category-restauracion \">\n  <div class=\"qrt-work-item\">\n        <a  data-magnific-gallery data-no-swup data-elementor-lightbox-slideshow=\"gallery\" data-elementor-lightbox-title=\"CONGRESOS\" href=\"https:\/\/www.alsamasa.com\/alsamasa\/wp-content\/uploads\/2022\/02\/Foto-web.jpg\" class=\"qrt-cursor-scale qrt-work-cover-frame\">\n      <img decoding=\"async\" src=\"https:\/\/www.alsamasa.com\/alsamasa\/wp-content\/uploads\/2022\/02\/Foto-web.jpg\" alt=\"CONGRESOS\">\n      <div class=\"qrt-item-zoom qrt-cursor-color\"><i class=\"fas fa-expand\"><\/i><\/div>\n      <div class=\"qrt-work-category\"><span>Restauraci\u00f3n <\/span><\/div>\n    <\/a>\n        <div class=\"qrt-work-descr\">\n            <h4 class=\"qrt-cursor-color qrt-white\">\n        <a href=\"https:\/\/www.alsamasa.com\/alsamasa\/portfolio\/item\/palacio-congreso\/\" class=\"qrt-anima-link\">CONGRESOS<\/a>\n      <\/h4>\n            <a href=\"https:\/\/www.alsamasa.com\/alsamasa\/portfolio\/item\/palacio-congreso\/\" class=\"qrt-cursor-scale qrt-work-more qrt-anima-link\"><i class=\"fas fa-arrow-right\"><\/i><\/a>\n    <\/div>\n  <\/div>\n<\/div>          \t               \t\n\n<div class=\"qrt-masonry-grid-item qrt-masonry-grid-item-50 category-restauracion \">\n  <div class=\"qrt-work-item\">\n        <a  data-magnific-gallery data-no-swup data-elementor-lightbox-slideshow=\"gallery\" data-elementor-lightbox-title=\"FCB SALA ROMA\" href=\"https:\/\/www.alsamasa.com\/alsamasa\/wp-content\/uploads\/2022\/02\/Espacio-gastronomico-Roma-2009-n-1.jpg\" class=\"qrt-cursor-scale qrt-work-cover-frame\">\n      <img decoding=\"async\" src=\"https:\/\/www.alsamasa.com\/alsamasa\/wp-content\/uploads\/2022\/02\/Espacio-gastronomico-Roma-2009-n-1.jpg\" alt=\"FCB SALA ROMA\">\n      <div class=\"qrt-item-zoom qrt-cursor-color\"><i class=\"fas fa-expand\"><\/i><\/div>\n      <div class=\"qrt-work-category\"><span>Restauraci\u00f3n <\/span><\/div>\n    <\/a>\n        <div class=\"qrt-work-descr\">\n            <h4 class=\"qrt-cursor-color qrt-white\">\n        <a href=\"https:\/\/www.alsamasa.com\/alsamasa\/portfolio\/item\/fcb-sala-roma\/\" class=\"qrt-anima-link\">FCB SALA ROMA<\/a>\n      <\/h4>\n            <a href=\"https:\/\/www.alsamasa.com\/alsamasa\/portfolio\/item\/fcb-sala-roma\/\" class=\"qrt-cursor-scale qrt-work-more qrt-anima-link\"><i class=\"fas fa-arrow-right\"><\/i><\/a>\n    <\/div>\n  <\/div>\n<\/div>          \t               \t\n\n<div class=\"qrt-masonry-grid-item qrt-masonry-grid-item-50 category-restauracion \">\n  <div class=\"qrt-work-item\">\n        <a  data-magnific-gallery data-no-swup data-elementor-lightbox-slideshow=\"gallery\" data-elementor-lightbox-title=\"LA ROYALE\" href=\"https:\/\/www.alsamasa.com\/alsamasa\/wp-content\/uploads\/2022\/04\/20130212_152049_2.jpg\" class=\"qrt-cursor-scale qrt-work-cover-frame\">\n      <img decoding=\"async\" src=\"https:\/\/www.alsamasa.com\/alsamasa\/wp-content\/uploads\/2022\/04\/20130212_152049_2.jpg\" alt=\"LA ROYALE\">\n      <div class=\"qrt-item-zoom qrt-cursor-color\"><i class=\"fas fa-expand\"><\/i><\/div>\n      <div class=\"qrt-work-category\"><span>Restauraci\u00f3n <\/span><\/div>\n    <\/a>\n        <div class=\"qrt-work-descr\">\n            <h4 class=\"qrt-cursor-color qrt-white\">\n        <a href=\"https:\/\/www.alsamasa.com\/alsamasa\/portfolio\/item\/la-royale-2\/\" class=\"qrt-anima-link\">LA ROYALE<\/a>\n      <\/h4>\n            <a href=\"https:\/\/www.alsamasa.com\/alsamasa\/portfolio\/item\/la-royale-2\/\" class=\"qrt-cursor-scale qrt-work-more qrt-anima-link\"><i class=\"fas fa-arrow-right\"><\/i><\/a>\n    <\/div>\n  <\/div>\n<\/div>          \t               \t\n\n<div class=\"qrt-masonry-grid-item qrt-masonry-grid-item-50 category-restauracion \">\n  <div class=\"qrt-work-item\">\n        <a  data-magnific-gallery data-no-swup data-elementor-lightbox-slideshow=\"gallery\" data-elementor-lightbox-title=\"MAPFRE MAJADAHONDA\" href=\"https:\/\/www.alsamasa.com\/alsamasa\/wp-content\/uploads\/2022\/02\/IMG-20140519-WA0010.jpg\" class=\"qrt-cursor-scale qrt-work-cover-frame\">\n      <img decoding=\"async\" src=\"https:\/\/www.alsamasa.com\/alsamasa\/wp-content\/uploads\/2022\/02\/IMG-20140519-WA0010.jpg\" alt=\"MAPFRE MAJADAHONDA\">\n      <div class=\"qrt-item-zoom qrt-cursor-color\"><i class=\"fas fa-expand\"><\/i><\/div>\n      <div class=\"qrt-work-category\"><span>Restauraci\u00f3n <\/span><\/div>\n    <\/a>\n        <div class=\"qrt-work-descr\">\n            <h4 class=\"qrt-cursor-color qrt-white\">\n        <a href=\"https:\/\/www.alsamasa.com\/alsamasa\/portfolio\/item\/mapfre-majadahonda\/\" class=\"qrt-anima-link\">MAPFRE MAJADAHONDA<\/a>\n      <\/h4>\n            <a href=\"https:\/\/www.alsamasa.com\/alsamasa\/portfolio\/item\/mapfre-majadahonda\/\" class=\"qrt-cursor-scale qrt-work-more qrt-anima-link\"><i class=\"fas fa-arrow-right\"><\/i><\/a>\n    <\/div>\n  <\/div>\n<\/div>          \t              <\/div>\n            \n\t\t  \t\n\t\t\t        <\/div>\n\n\t\t\t\t\t\t<\/div>\n\t\t\t\t<\/div>\n\t\t\t\t\t<\/div>\n\t\t<\/div>\n\t\t\t\t\t<\/div>\n\t\t<\/section>\n\t\t\t\t<\/div>\n\t\t","protected":false},"excerpt":{"rendered":"<p>Restauraci\u00f3n COMEDOR ROCHE Restauraci\u00f3n FCB SALA ROMA Restauraci\u00f3n LA ROYALE Restauraci\u00f3n MAPFRE MAJADAHONDA Restauraci\u00f3n PALACIO CONGRESOS<\/p>\n","protected":false},"author":1,"featured_media":0,"parent":0,"menu_order":0,"comment_status":"closed","ping_status":"closed","template":"","meta":{"_acf_changed":false,"_monsterinsights_skip_tracking":false,"_monsterinsights_sitenote_active":false,"_monsterinsights_sitenote_note":"","_monsterinsights_sitenote_category":0,"footnotes":""},"class_list":["post-4434","page","type-page","status-publish","hentry"],"acf":[],"_links":{"self":[{"href":"https:\/\/www.alsamasa.com\/alsamasa\/wp-json\/wp\/v2\/pages\/4434","targetHints":{"allow":["GET"]}}],"collection":[{"href":"https:\/\/www.alsamasa.com\/alsamasa\/wp-json\/wp\/v2\/pages"}],"about":[{"href":"https:\/\/www.alsamasa.com\/alsamasa\/wp-json\/wp\/v2\/types\/page"}],"author":[{"embeddable":true,"href":"https:\/\/www.alsamasa.com\/alsamasa\/wp-json\/wp\/v2\/users\/1"}],"replies":[{"embeddable":true,"href":"https:\/\/www.alsamasa.com\/alsamasa\/wp-json\/wp\/v2\/comments?post=4434"}],"version-history":[{"count":10,"href":"https:\/\/www.alsamasa.com\/alsamasa\/wp-json\/wp\/v2\/pages\/4434\/revisions"}],"predecessor-version":[{"id":6044,"href":"https:\/\/www.alsamasa.com\/alsamasa\/wp-json\/wp\/v2\/pages\/4434\/revisions\/6044"}],"wp:attachment":[{"href":"https:\/\/www.alsamasa.com\/alsamasa\/wp-json\/wp\/v2\/media?parent=4434"}],"curies":[{"name":"wp","href":"https:\/\/api.w.org\/{rel}","templated":true}]}}