{"id":4444,"date":"2022-12-08T08:59:27","date_gmt":"2022-12-08T07:59:27","guid":{"rendered":"https:\/\/www.alsamasa.com\/alsamasa\/?page_id=4444"},"modified":"2024-07-15T11:01:30","modified_gmt":"2024-07-15T10:01:30","slug":"rehabilitacion","status":"publish","type":"page","link":"https:\/\/www.alsamasa.com\/alsamasa\/rehabilitacion\/","title":{"rendered":"Rehabilitaci\u00f3n"},"content":{"rendered":"\t\t<div data-elementor-type=\"wp-page\" data-elementor-id=\"4444\" class=\"elementor elementor-4444\">\n\t\t\t\t\t\t<section class=\"elementor-section elementor-top-section elementor-element elementor-element-41c765c elementor-section-boxed elementor-section-height-default elementor-section-height-default\" data-id=\"41c765c\" data-element_type=\"section\" data-e-type=\"section\">\n\t\t\t\t\t\t<div class=\"elementor-container elementor-column-gap-default\">\n\t\t\t\t\t<div class=\"elementor-column elementor-col-100 elementor-top-column elementor-element elementor-element-215edb9\" data-id=\"215edb9\" data-element_type=\"column\" data-e-type=\"column\">\n\t\t\t<div class=\"elementor-widget-wrap elementor-element-populated\">\n\t\t\t\t\t\t<div class=\"elementor-element elementor-element-bf97b57 elementor-widget elementor-widget-quarty-portfolio\" data-id=\"bf97b57\" data-element_type=\"widget\" data-e-type=\"widget\" data-widget_type=\"quarty-portfolio.default\">\n\t\t\t\t<div class=\"elementor-widget-container\">\n\t\t\t\t\t\n\t\t<div class=\"qrt-section qrt-section-sf\">\n\t\t\t\n\t\t\t\n                        <div class=\"qrt-masonry-grid qrt-mb-40 qrt-grid-2-col qrt-gallery\">\n\n              <div class=\"qrt-grid-sizer\"><\/div>\n\n                           \t\n\n<div class=\"qrt-masonry-grid-item qrt-masonry-grid-item-50 category-rehabilitacion \">\n  <div class=\"qrt-work-item\">\n        <a  data-magnific-gallery data-no-swup data-elementor-lightbox-slideshow=\"gallery\" data-elementor-lightbox-title=\"\u00c1TICO RONDA UNIVERSITAT\" href=\"https:\/\/www.alsamasa.com\/alsamasa\/wp-content\/uploads\/2022\/02\/11e6629e-e107-43c6-969f-84015f14364e.jpg\" class=\"qrt-cursor-scale qrt-work-cover-frame\">\n      <img decoding=\"async\" src=\"https:\/\/www.alsamasa.com\/alsamasa\/wp-content\/uploads\/2022\/02\/11e6629e-e107-43c6-969f-84015f14364e.jpg\" alt=\"\u00c1TICO RONDA UNIVERSITAT\">\n      <div class=\"qrt-item-zoom qrt-cursor-color\"><i class=\"fas fa-expand\"><\/i><\/div>\n      <div class=\"qrt-work-category\"><span>Rehabilitaci\u00f3n <\/span><\/div>\n    <\/a>\n        <div class=\"qrt-work-descr\">\n            <h4 class=\"qrt-cursor-color qrt-white\">\n        <a href=\"https:\/\/www.alsamasa.com\/alsamasa\/portfolio\/item\/atico-turistico\/\" class=\"qrt-anima-link\">\u00c1TICO RONDA UNIVERSITAT<\/a>\n      <\/h4>\n            <a href=\"https:\/\/www.alsamasa.com\/alsamasa\/portfolio\/item\/atico-turistico\/\" class=\"qrt-cursor-scale qrt-work-more qrt-anima-link\"><i class=\"fas fa-arrow-right\"><\/i><\/a>\n    <\/div>\n  <\/div>\n<\/div>          \t               \t\n\n<div class=\"qrt-masonry-grid-item qrt-masonry-grid-item-50 category-rehabilitacion \">\n  <div class=\"qrt-work-item\">\n        <a  data-magnific-gallery data-no-swup data-elementor-lightbox-slideshow=\"gallery\" data-elementor-lightbox-title=\"CARRER BURGOS\" href=\"https:\/\/www.alsamasa.com\/alsamasa\/wp-content\/uploads\/2024\/01\/DSC_3173.jpg\" class=\"qrt-cursor-scale qrt-work-cover-frame\">\n      <img decoding=\"async\" src=\"https:\/\/www.alsamasa.com\/alsamasa\/wp-content\/uploads\/2024\/01\/DSC_3173.jpg\" alt=\"CARRER BURGOS\">\n      <div class=\"qrt-item-zoom qrt-cursor-color\"><i class=\"fas fa-expand\"><\/i><\/div>\n      <div class=\"qrt-work-category\"><span>Rehabilitaci\u00f3n <\/span><\/div>\n    <\/a>\n        <div class=\"qrt-work-descr\">\n            <h4 class=\"qrt-cursor-color qrt-white\">\n        <a href=\"https:\/\/www.alsamasa.com\/alsamasa\/portfolio\/item\/carrer-burgos\/\" class=\"qrt-anima-link\">CARRER BURGOS<\/a>\n      <\/h4>\n            <a href=\"https:\/\/www.alsamasa.com\/alsamasa\/portfolio\/item\/carrer-burgos\/\" class=\"qrt-cursor-scale qrt-work-more qrt-anima-link\"><i class=\"fas fa-arrow-right\"><\/i><\/a>\n    <\/div>\n  <\/div>\n<\/div>          \t               \t\n\n<div class=\"qrt-masonry-grid-item qrt-masonry-grid-item-50 category-rehabilitacion \">\n  <div class=\"qrt-work-item\">\n        <a  data-magnific-gallery data-no-swup data-elementor-lightbox-slideshow=\"gallery\" data-elementor-lightbox-title=\"JOCS FLORALS\" href=\"https:\/\/www.alsamasa.com\/alsamasa\/wp-content\/uploads\/2024\/01\/JocsFlorals_planta2_009.jpg\" class=\"qrt-cursor-scale qrt-work-cover-frame\">\n      <img decoding=\"async\" src=\"https:\/\/www.alsamasa.com\/alsamasa\/wp-content\/uploads\/2024\/01\/JocsFlorals_planta2_009.jpg\" alt=\"JOCS FLORALS\">\n      <div class=\"qrt-item-zoom qrt-cursor-color\"><i class=\"fas fa-expand\"><\/i><\/div>\n      <div class=\"qrt-work-category\"><span>Rehabilitaci\u00f3n <\/span><\/div>\n    <\/a>\n        <div class=\"qrt-work-descr\">\n            <h4 class=\"qrt-cursor-color qrt-white\">\n        <a href=\"https:\/\/www.alsamasa.com\/alsamasa\/portfolio\/item\/jocs-florals\/\" class=\"qrt-anima-link\">JOCS FLORALS<\/a>\n      <\/h4>\n            <a href=\"https:\/\/www.alsamasa.com\/alsamasa\/portfolio\/item\/jocs-florals\/\" class=\"qrt-cursor-scale qrt-work-more qrt-anima-link\"><i class=\"fas fa-arrow-right\"><\/i><\/a>\n    <\/div>\n  <\/div>\n<\/div>          \t               \t\n\n<div class=\"qrt-masonry-grid-item qrt-masonry-grid-item-50 category-rehabilitacion \">\n  <div class=\"qrt-work-item\">\n        <a  data-magnific-gallery data-no-swup data-elementor-lightbox-slideshow=\"gallery\" data-elementor-lightbox-title=\"PASSATGE DOMINGO 11\" href=\"https:\/\/www.alsamasa.com\/alsamasa\/wp-content\/uploads\/2022\/09\/00-1.webp\" class=\"qrt-cursor-scale qrt-work-cover-frame\">\n      <img decoding=\"async\" src=\"https:\/\/www.alsamasa.com\/alsamasa\/wp-content\/uploads\/2022\/09\/00-1.webp\" alt=\"PASSATGE DOMINGO 11\">\n      <div class=\"qrt-item-zoom qrt-cursor-color\"><i class=\"fas fa-expand\"><\/i><\/div>\n      <div class=\"qrt-work-category\"><span>Rehabilitaci\u00f3n <\/span><\/div>\n    <\/a>\n        <div class=\"qrt-work-descr\">\n            <h4 class=\"qrt-cursor-color qrt-white\">\n        <a href=\"https:\/\/www.alsamasa.com\/alsamasa\/portfolio\/item\/passatge-domingo-11\/\" class=\"qrt-anima-link\">PASSATGE DOMINGO 11<\/a>\n      <\/h4>\n            <a href=\"https:\/\/www.alsamasa.com\/alsamasa\/portfolio\/item\/passatge-domingo-11\/\" class=\"qrt-cursor-scale qrt-work-more qrt-anima-link\"><i class=\"fas fa-arrow-right\"><\/i><\/a>\n    <\/div>\n  <\/div>\n<\/div>          \t               \t\n\n<div class=\"qrt-masonry-grid-item qrt-masonry-grid-item-50 category-rehabilitacion \">\n  <div class=\"qrt-work-item\">\n        <a  data-magnific-gallery data-no-swup data-elementor-lightbox-slideshow=\"gallery\" data-elementor-lightbox-title=\"PISO TUR\u00cdSTICO SANT ANTONI\" href=\"https:\/\/www.alsamasa.com\/alsamasa\/wp-content\/uploads\/2022\/02\/8-DSC_5963_670.jpg\" class=\"qrt-cursor-scale qrt-work-cover-frame\">\n      <img decoding=\"async\" src=\"https:\/\/www.alsamasa.com\/alsamasa\/wp-content\/uploads\/2022\/02\/8-DSC_5963_670.jpg\" alt=\"PISO TUR\u00cdSTICO SANT ANTONI\">\n      <div class=\"qrt-item-zoom qrt-cursor-color\"><i class=\"fas fa-expand\"><\/i><\/div>\n      <div class=\"qrt-work-category\"><span>Rehabilitaci\u00f3n <\/span><\/div>\n    <\/a>\n        <div class=\"qrt-work-descr\">\n            <h4 class=\"qrt-cursor-color qrt-white\">\n        <a href=\"https:\/\/www.alsamasa.com\/alsamasa\/portfolio\/item\/piso-turistico-sant-antoni\/\" class=\"qrt-anima-link\">PISO TUR\u00cdSTICO SANT ANTONI<\/a>\n      <\/h4>\n            <a href=\"https:\/\/www.alsamasa.com\/alsamasa\/portfolio\/item\/piso-turistico-sant-antoni\/\" class=\"qrt-cursor-scale qrt-work-more qrt-anima-link\"><i class=\"fas fa-arrow-right\"><\/i><\/a>\n    <\/div>\n  <\/div>\n<\/div>          \t               \t\n\n<div class=\"qrt-masonry-grid-item qrt-masonry-grid-item-50 category-rehabilitacion \">\n  <div class=\"qrt-work-item\">\n        <a  data-magnific-gallery data-no-swup data-elementor-lightbox-slideshow=\"gallery\" data-elementor-lightbox-title=\"TYCHE APARTAMENT\" href=\"https:\/\/www.alsamasa.com\/alsamasa\/wp-content\/uploads\/2022\/02\/01_DSC_3047_670.jpg\" class=\"qrt-cursor-scale qrt-work-cover-frame\">\n      <img decoding=\"async\" src=\"https:\/\/www.alsamasa.com\/alsamasa\/wp-content\/uploads\/2022\/02\/01_DSC_3047_670.jpg\" alt=\"TYCHE APARTAMENT\">\n      <div class=\"qrt-item-zoom qrt-cursor-color\"><i class=\"fas fa-expand\"><\/i><\/div>\n      <div class=\"qrt-work-category\"><span>Rehabilitaci\u00f3n <\/span><\/div>\n    <\/a>\n        <div class=\"qrt-work-descr\">\n            <h4 class=\"qrt-cursor-color qrt-white\">\n        <a href=\"https:\/\/www.alsamasa.com\/alsamasa\/portfolio\/item\/tyche-apartament\/\" class=\"qrt-anima-link\">TYCHE APARTAMENT<\/a>\n      <\/h4>\n            <a href=\"https:\/\/www.alsamasa.com\/alsamasa\/portfolio\/item\/tyche-apartament\/\" class=\"qrt-cursor-scale qrt-work-more qrt-anima-link\"><i class=\"fas fa-arrow-right\"><\/i><\/a>\n    <\/div>\n  <\/div>\n<\/div>          \t              <\/div>\n            \n\t\t  \t\n\t\t\t        <\/div>\n\n\t\t\t\t\t\t<\/div>\n\t\t\t\t<\/div>\n\t\t\t\t\t<\/div>\n\t\t<\/div>\n\t\t\t\t\t<\/div>\n\t\t<\/section>\n\t\t\t\t<\/div>\n\t\t","protected":false},"excerpt":{"rendered":"<p>Rehabilitaci\u00f3n \u00c1TICO RONDA UNIVERSITAT Rehabilitaci\u00f3n CARRER BURGOS Rehabilitaci\u00f3n CASA BARCELONA Rehabilitaci\u00f3n JOCS FLORALS Rehabilitaci\u00f3n PASSATGE DOMINGO 11 Rehabilitaci\u00f3n PISO TUR\u00cdSTICO&#8230; <span class=\"qrt-el-more\"><a href=\"https:\/\/www.alsamasa.com\/alsamasa\/portfolio\/item\/tyche-apartament\/\" class=\"qrt-link qrt-color-link qrt-cursor-scale qrt-w-chevron\">Read more<\/a><\/span><\/p>\n","protected":false},"author":1,"featured_media":0,"parent":0,"menu_order":0,"comment_status":"closed","ping_status":"closed","template":"","meta":{"_acf_changed":false,"_monsterinsights_skip_tracking":false,"_monsterinsights_sitenote_active":false,"_monsterinsights_sitenote_note":"","_monsterinsights_sitenote_category":0,"footnotes":""},"class_list":["post-4444","page","type-page","status-publish","hentry"],"acf":[],"_links":{"self":[{"href":"https:\/\/www.alsamasa.com\/alsamasa\/wp-json\/wp\/v2\/pages\/4444","targetHints":{"allow":["GET"]}}],"collection":[{"href":"https:\/\/www.alsamasa.com\/alsamasa\/wp-json\/wp\/v2\/pages"}],"about":[{"href":"https:\/\/www.alsamasa.com\/alsamasa\/wp-json\/wp\/v2\/types\/page"}],"author":[{"embeddable":true,"href":"https:\/\/www.alsamasa.com\/alsamasa\/wp-json\/wp\/v2\/users\/1"}],"replies":[{"embeddable":true,"href":"https:\/\/www.alsamasa.com\/alsamasa\/wp-json\/wp\/v2\/comments?post=4444"}],"version-history":[{"count":13,"href":"https:\/\/www.alsamasa.com\/alsamasa\/wp-json\/wp\/v2\/pages\/4444\/revisions"}],"predecessor-version":[{"id":5934,"href":"https:\/\/www.alsamasa.com\/alsamasa\/wp-json\/wp\/v2\/pages\/4444\/revisions\/5934"}],"wp:attachment":[{"href":"https:\/\/www.alsamasa.com\/alsamasa\/wp-json\/wp\/v2\/media?parent=4444"}],"curies":[{"name":"wp","href":"https:\/\/api.w.org\/{rel}","templated":true}]}}